{"id":51826,"date":"2024-04-08T14:27:52","date_gmt":"2024-04-08T12:27:52","guid":{"rendered":"http:\/\/webciudadana.net\/?page_id=51826"},"modified":"2024-04-08T15:41:19","modified_gmt":"2024-04-08T13:41:19","slug":"noticias-hoy","status":"publish","type":"page","link":"https:\/\/webciudadana.net\/","title":{"rendered":"Noticias hoy"},"content":{"rendered":"      <div id=\"post-grid-lazy-51809\" class=\"post-grid-lazy\"><img decoding=\"async\" alt=\"\" src=\"\" \/><\/div>\n    <script>\n      jQuery('#post-grid-lazy-51809').ready(function($) {\n        $('#post-grid-lazy-51809').fadeOut();\n        $('#post-grid-51809   ').fadeIn();\n      })\n    <\/script>\n    <style type=\"text\/css\">\n      #post-grid-51809 {\n        display: none;\n      }\n\n      .post-grid-lazy {\n        text-align: center;\n      }\n    <\/style>\n    <div data-options='{&quot;id&quot;:&quot;51809&quot;,&quot;lazy_load&quot;:&quot;yes&quot;,&quot;masonry_enable&quot;:&quot;no&quot;,&quot;view_type&quot;:&quot;grid&quot;}' id=\"post-grid-51809\" class=\"post-grid grid\">\n    \n\n\n    <div class=\"grid-items\">\n      <div class=\"item item-64053 skin flat even 0 \">\n        <div class=\"layer-wrapper layout-51836\">\n          <div\r\n        class=\"element element_1712583185729  element-media \">\r\n        <a target=\"_self\" href=\"https:\/\/webciudadana.net\/?p=64053\"><img decoding=\"async\" src=\"https:\/\/img.europapress.es\/fotoweb\/fotonoticia_20260407112033_300.jpg\" \/><\/a>    <\/div>\r\n    <div class=\"element element_1712583188793  title \">\r\n                    <a target=\"_blank\"\r\n                href=\"https:\/\/webciudadana.net\/?p=64053\">La Ibiza Media Marat\u00f3n alcanza la paridad total: el 50% de los inscritos son mujeres<\/a>\r\n            <\/div>\r\n    <div class=\"element element_1712583192829  excerpt \">\r\n        (Informaci\u00f3n remitida por la empresa firmante) Ibiza, 7 de abril de 2026. La Ibiza Media Marat\u00f3n, que se disputar\u00e1 este s\u00e1bado 11 de abril, pasar\u00e1            <\/div>\r\n    <hr class=\"element element_1712583194538  hr \">\r\n    <\/hr>\r\n    <\/div>\n  <\/div><div class=\"item item-64051 skin flat odd 1 \">\n        <div class=\"layer-wrapper layout-51836\">\n          <div\r\n        class=\"element element_1712583185729  element-media \">\r\n        <a target=\"_self\" href=\"https:\/\/webciudadana.net\/?p=64051\"><img decoding=\"async\" src=\"https:\/\/img.europapress.es\/fotoweb\/fotonoticia_20260401122908_300.jpg\" \/><\/a>    <\/div>\r\n    <div class=\"element element_1712583188793  title \">\r\n                    <a target=\"_blank\"\r\n                href=\"https:\/\/webciudadana.net\/?p=64051\">La valenciana Crem International Spain consolida su gran transformaci\u00f3n y entra en fase de expansi\u00f3n<\/a>\r\n            <\/div>\r\n    <div class=\"element element_1712583192829  excerpt \">\r\n        (Informaci\u00f3n remitida por la empresa firmante) Valencia, 1 de abril de 2026. La compa\u00f1\u00eda valenciana aumenta notablemente las ventas, consolida su reestructuraci\u00f3n e inicia una            <\/div>\r\n    <hr class=\"element element_1712583194538  hr \">\r\n    <\/hr>\r\n    <\/div>\n  <\/div><div class=\"item item-64052 skin flat even 2 \">\n        <div class=\"layer-wrapper layout-51836\">\n          <div\r\n        class=\"element element_1712583185729  element-media \">\r\n        <a target=\"_self\" href=\"https:\/\/webciudadana.net\/?p=64052\"><img decoding=\"async\" src=\"https:\/\/img.europapress.es\/fotoweb\/fotonoticia_20260401121947_300.jpg\" \/><\/a>    <\/div>\r\n    <div class=\"element element_1712583188793  title \">\r\n                    <a target=\"_blank\"\r\n                href=\"https:\/\/webciudadana.net\/?p=64052\">Telelavo apuesta por eficiencia operativa y expansi\u00f3n sostenible<\/a>\r\n            <\/div>\r\n    <div class=\"element element_1712583192829  excerpt \">\r\n        (Informaci\u00f3n remitida por la empresa firmante) Madrid, 1 de abril de 2026. En un contexto en el que muchas compa\u00f1\u00edas priorizan el crecimiento acelerado frente            <\/div>\r\n    <hr class=\"element element_1712583194538  hr \">\r\n    <\/hr>\r\n    <\/div>\n  <\/div><div class=\"item item-64050 skin flat odd 3 \">\n        <div class=\"layer-wrapper layout-51836\">\n          <div\r\n        class=\"element element_1712583185729  element-media \">\r\n        <a target=\"_self\" href=\"https:\/\/webciudadana.net\/?p=64050\"><img decoding=\"async\" src=\"https:\/\/img.europapress.es\/fotoweb\/fotonoticia_20260330165946_300.jpg\" \/><\/a>    <\/div>\r\n    <div class=\"element element_1712583188793  title \">\r\n                    <a target=\"_blank\"\r\n                href=\"https:\/\/webciudadana.net\/?p=64050\">Seres Group logra ingresos r\u00e9cord en 2025: 165.050 millones de RMB y un beneficio neto de 5.960 millones<\/a>\r\n            <\/div>\r\n    <div class=\"element element_1712583192829  excerpt \">\r\n        (Informaci\u00f3n remitida por la empresa firmante) Hong Kong, 30 de marzo de 2026. La marca de lujo AITO lidera el mercado chino con m\u00e1s de            <\/div>\r\n    <hr class=\"element element_1712583194538  hr \">\r\n    <\/hr>\r\n    <\/div>\n  <\/div><div class=\"item item-64049 skin flat even 4 \">\n        <div class=\"layer-wrapper layout-51836\">\n          <div\r\n        class=\"element element_1712583185729  element-media \">\r\n        <a target=\"_self\" href=\"https:\/\/webciudadana.net\/?p=64049\"><img decoding=\"async\" src=\"https:\/\/img.europapress.es\/fotoweb\/fotonoticia_20260330142054_300.jpg\" \/><\/a>    <\/div>\r\n    <div class=\"element element_1712583188793  title \">\r\n                    <a target=\"_blank\"\r\n                href=\"https:\/\/webciudadana.net\/?p=64049\">ASEFIGET advierte de inseguridad jur\u00eddica en la aplicaci\u00f3n del sistema tributario<\/a>\r\n            <\/div>\r\n    <div class=\"element element_1712583192829  excerpt \">\r\n        (Informaci\u00f3n remitida por la empresa firmante) MADRID, 30 de marzo de 2026. ASEFIGET advierte de inseguridad jur\u00eddica en la aplicaci\u00f3n del sistema tributario tras sus            <\/div>\r\n    <hr class=\"element element_1712583194538  hr \">\r\n    <\/hr>\r\n    <\/div>\n  <\/div><div class=\"item item-64048 skin flat odd 5 \">\n        <div class=\"layer-wrapper layout-51836\">\n          <div\r\n        class=\"element element_1712583185729  element-media \">\r\n        <a target=\"_self\" href=\"https:\/\/webciudadana.net\/?p=64048\"><img decoding=\"async\" src=\"https:\/\/img.europapress.es\/fotoweb\/fotonoticia_20260326173001_300.jpg\" \/><\/a>    <\/div>\r\n    <div class=\"element element_1712583188793  title \">\r\n                    <a target=\"_blank\"\r\n                href=\"https:\/\/webciudadana.net\/?p=64048\">Sociedad: Innova Asistencial abre nueva sede en Valencia ante el auge del cuidado a domicilio<\/a>\r\n            <\/div>\r\n    <div class=\"element element_1712583192829  excerpt \">\r\n        (Informaci\u00f3n remitida por la empresa firmante) Valencia, 26 de marzo de 2026. La empresa especializada en atenci\u00f3n a personas mayores traslada su oficina a una            <\/div>\r\n    <hr class=\"element element_1712583194538  hr \">\r\n    <\/hr>\r\n    <\/div>\n  <\/div><div class=\"item item-64047 skin flat even 6 \">\n        <div class=\"layer-wrapper layout-51836\">\n          <div\r\n        class=\"element element_1712583185729  element-media \">\r\n        <a target=\"_self\" href=\"https:\/\/webciudadana.net\/?p=64047\"><img decoding=\"async\" src=\"https:\/\/img.europapress.es\/fotoweb\/fotonoticia_20260326105011_300.jpg\" \/><\/a>    <\/div>\r\n    <div class=\"element element_1712583188793  title \">\r\n                    <a target=\"_blank\"\r\n                href=\"https:\/\/webciudadana.net\/?p=64047\">Salud: Principales expertos se re\u00fanen del 28 al 30 de mayo en Girona para repensar la salud mental comunitaria<\/a>\r\n            <\/div>\r\n    <div class=\"element element_1712583192829  excerpt \">\r\n        (Informaci\u00f3n remitida por la empresa firmante) Girona, 26 de marzo de 2026. Cientos de especialistas en Psicolog\u00eda Cl\u00ednica y los principales expertos a nivel nacional            <\/div>\r\n    <hr class=\"element element_1712583194538  hr \">\r\n    <\/hr>\r\n    <\/div>\n  <\/div><div class=\"item item-64046 skin flat odd 7 \">\n        <div class=\"layer-wrapper layout-51836\">\n          <div\r\n        class=\"element element_1712583185729  element-media \">\r\n        <a target=\"_self\" href=\"https:\/\/webciudadana.net\/?p=64046\"><img decoding=\"async\" src=\"https:\/\/img.europapress.es\/fotoweb\/fotonoticia_20260319114654_300.jpg\" \/><\/a>    <\/div>\r\n    <div class=\"element element_1712583188793  title \">\r\n                    <a target=\"_blank\"\r\n                href=\"https:\/\/webciudadana.net\/?p=64046\">El 96% de los anfitriones espera una buena temporada este verano<\/a>\r\n            <\/div>\r\n    <div class=\"element element_1712583192829  excerpt \">\r\n        (Informaci\u00f3n remitida por la empresa firmante) Madrid, 19 de marzo de 2026. Madrid, 19 de marzo de 2026 \u2013 Pese al aumento del coste de            <\/div>\r\n    <hr class=\"element element_1712583194538  hr \">\r\n    <\/hr>\r\n    <\/div>\n  <\/div><div class=\"item item-64045 skin flat even 8 \">\n        <div class=\"layer-wrapper layout-51836\">\n          <div\r\n        class=\"element element_1712583185729  element-media \">\r\n        <a target=\"_self\" href=\"https:\/\/webciudadana.net\/?p=64045\"><img decoding=\"async\" src=\"https:\/\/img.europapress.es\/fotoweb\/fotonoticia_20260312120644_300.jpg\" \/><\/a>    <\/div>\r\n    <div class=\"element element_1712583188793  title \">\r\n                    <a target=\"_blank\"\r\n                href=\"https:\/\/webciudadana.net\/?p=64045\">Sociedad: El m\u00e9todo de 47 minutos: fitboxing para supervivientes de violencia de g\u00e9nero y su recuperaci\u00f3n emocional<\/a>\r\n            <\/div>\r\n    <div class=\"element element_1712583192829  excerpt \">\r\n        (Informaci\u00f3n remitida por la empresa firmante) Madrid, 12 de marzo de 2026. En los m\u00e1s de 270 gimnasios de Brooklyn Fitboxing repartidos por todo el            <\/div>\r\n    <hr class=\"element element_1712583194538  hr \">\r\n    <\/hr>\r\n    <\/div>\n  <\/div><div class=\"item item-64044 skin flat odd 9 \">\n        <div class=\"layer-wrapper layout-51836\">\n          <div\r\n        class=\"element element_1712583185729  element-media \">\r\n        <a target=\"_self\" href=\"https:\/\/webciudadana.net\/?p=64044\"><img decoding=\"async\" src=\"https:\/\/img.europapress.es\/fotoweb\/fotonoticia_20260312090501_300.jpg\" \/><\/a>    <\/div>\r\n    <div class=\"element element_1712583188793  title \">\r\n                    <a target=\"_blank\"\r\n                href=\"https:\/\/webciudadana.net\/?p=64044\">Espa\u00f1a domina la \u00e9lite mundial del aceite de oliva en la AOVE World Cup 2026. Premios por comunidades.<\/a>\r\n            <\/div>\r\n    <div class=\"element element_1712583192829  excerpt \">\r\n        (Informaci\u00f3n remitida por la empresa firmante) Zaragoza, 12 de marzo de 2026. Espa\u00f1a vuelve a situarse en lo m\u00e1s alto del panorama internacional del aceite            <\/div>\r\n    <hr class=\"element element_1712583194538  hr \">\r\n    <\/hr>\r\n    <\/div>\n  <\/div>    <\/div>\n    <div class=\"pagination\">\n      <div class=\"paginate\">\n    <span aria-current=\"page\" class=\"page-numbers current\">1<\/span>\n<a class=\"page-numbers\" href=\"https:\/\/webciudadana.net\/index.php?rest_route=%2Fwp%2Fv2%2Fpages%2F51826&#038;paged=2\">2<\/a>\n<a class=\"page-numbers\" href=\"https:\/\/webciudadana.net\/index.php?rest_route=%2Fwp%2Fv2%2Fpages%2F51826&#038;paged=3\">3<\/a>\n<span class=\"page-numbers dots\">&hellip;<\/span>\n<a class=\"page-numbers\" href=\"https:\/\/webciudadana.net\/index.php?rest_route=%2Fwp%2Fv2%2Fpages%2F51826&#038;paged=1496\">1.496<\/a>\n<a class=\"next page-numbers\" href=\"https:\/\/webciudadana.net\/index.php?rest_route=%2Fwp%2Fv2%2Fpages%2F51826&#038;paged=2\">Siguiente \u00bb<\/a>  <\/div>\n  <style type=\"text\/css\">\n    #post-grid-51809 .pagination .page-numbers {\n      font-size: 16px;\n      color: #fff;\n      background: #646464;\n    }\n\n    #post-grid-51809 .pagination .page-numbers:hover,\n    #post-grid-51809 .pagination .page-numbers.current {\n      background: #0093c2;\n    }\n  <\/style>\n  <\/div>\n    <style type=\"text\/css\">\r\n        .layout-51836 .element_1712583185729 {\r\n            overflow: hidden;\r\n                    }\r\n\r\n        .layout-51836 .element_1712583185729 img {\r\n            max-width: 100%;\r\n            height: auto;\r\n        }\r\n\r\n        @media only screen and (min-width: 1024px) {\r\n            .layout-51836 .element_1712583185729 {\r\n                height: auto;\r\n                            }\r\n        }\r\n\r\n        @media only screen and (min-width: 768px) and (max-width: 1023px) {\r\n            .layout-51836 .element_1712583185729 {\r\n                height: auto;\r\n                            }\r\n        }\r\n\r\n        @media only screen and (min-width: 0px) and (max-width: 767px) {\r\n            .layout-51836 .element_1712583185729 {\r\n                height: auto;\r\n                            }\r\n        }\r\n    <\/style>\r\n    <style type=\"text\/css\">\r\n        .layout-51836 .element_1712583188793 {\r\n            font-size: 21px;\r\n            text-align: left;\r\n            font-weight: 700        }\r\n\r\n        .layout-51836 .element_1712583188793 a {\r\n            font-size: 21px;\r\n            text-align: left;\r\n            font-weight: 700        }\r\n    <\/style>\r\n    <style type=\"text\/css\">\r\n        .layout-51836 .element_1712583192829 {\r\n            text-align: left;\r\n                    }\r\n\r\n        .layout-51836 .element_1712583192829 a {\r\n                    }\r\n    <\/style>\r\n    <style type=\"text\/css\">\r\n        .layout-51836 .element_1712583194538 {\r\n                    }\r\n\r\n            <\/style>\r\n      <script>\n          <\/script>\n    <style type=\"text\/css\">\n    #post-grid-51809 {\n          }\n\n    #post-grid-51809 .item {\n      padding: 0px;\n      background: #fff;\n          }\n\n    #post-grid-51809 .item .layer-media {\n      height:auto;    }\n\n    @media only screen and (min-width: 0px) and (max-width: 767px) {\n      #post-grid-51809 .grid-items {\n        text-align: center;\n              }\n\n      #post-grid-51809 .item {\n        width: 90%;\n        margin: 0 20px 20px 0;\n        display: inline-block;\n        vertical-align: top;\n        height:auto;      }\n    }\n\n    @media only screen and (min-width: 768px) and (max-width: 1023px) {\n      #post-grid-51809 .grid-items {\n        text-align: center;\n              }\n\n      #post-grid-51809 .item {\n        width: 280px;\n        margin: 0 20px 20px 0;\n        display: inline-block;\n        vertical-align: top;\n        max-height:auto;      }\n    }\n\n    @media only screen and (min-width: 1024px) {\n      #post-grid-51809 .grid-items {\n        text-align: center;\n              }\n\n      #post-grid-51809 .item {\n        width: 47%;\n        display: inline-block;\n        margin: 0 20px 20px 0;\n        vertical-align: top;\n        height:auto;      }\n    }\n\n      <\/style>\n  <\/div>\n\n","protected":false},"excerpt":{"rendered":"","protected":false},"author":1,"featured_media":0,"parent":0,"menu_order":0,"comment_status":"closed","ping_status":"closed","template":"","meta":{"footnotes":""},"class_list":["post-51826","page","type-page","status-publish","hentry"],"_links":{"self":[{"href":"https:\/\/webciudadana.net\/index.php?rest_route=\/wp\/v2\/pages\/51826","targetHints":{"allow":["GET"]}}],"collection":[{"href":"https:\/\/webciudadana.net\/index.php?rest_route=\/wp\/v2\/pages"}],"about":[{"href":"https:\/\/webciudadana.net\/index.php?rest_route=\/wp\/v2\/types\/page"}],"author":[{"embeddable":true,"href":"https:\/\/webciudadana.net\/index.php?rest_route=\/wp\/v2\/users\/1"}],"replies":[{"embeddable":true,"href":"https:\/\/webciudadana.net\/index.php?rest_route=%2Fwp%2Fv2%2Fcomments&post=51826"}],"version-history":[{"count":4,"href":"https:\/\/webciudadana.net\/index.php?rest_route=\/wp\/v2\/pages\/51826\/revisions"}],"predecessor-version":[{"id":51840,"href":"https:\/\/webciudadana.net\/index.php?rest_route=\/wp\/v2\/pages\/51826\/revisions\/51840"}],"wp:attachment":[{"href":"https:\/\/webciudadana.net\/index.php?rest_route=%2Fwp%2Fv2%2Fmedia&parent=51826"}],"curies":[{"name":"wp","href":"https:\/\/api.w.org\/{rel}","templated":true}]}}